{"id":2032,"date":"2021-02-05T09:41:14","date_gmt":"2021-02-05T08:41:14","guid":{"rendered":"http:\/\/www.officinechiusolo.it\/?page_id=2032"},"modified":"2021-06-16T11:07:27","modified_gmt":"2021-06-16T09:07:27","slug":"homepage_chiusolo","status":"publish","type":"page","link":"https:\/\/www.officinechiusolo.it\/","title":{"rendered":"Homepage_chiusolo"},"content":{"rendered":"<p>[vc_row full_width=&#8221;stretch_row_content_no_spaces&#8221;][vc_column][rev_slider_vc alias=&#8221;mainslider&#8221;][vc_empty_space height=&#8221;25px&#8221;][\/vc_column][\/vc_row][vc_row][vc_column width=&#8221;5\/12&#8243; offset=&#8221;vc_hidden-md vc_hidden-sm vc_hidden-xs&#8221;][vc_single_image image=&#8221;2150&#8243; img_size=&#8221;full&#8221; alignment=&#8221;center&#8221;][\/vc_column][vc_column offset=&#8221;vc_col-md-7&#8243;][vc_empty_space height=&#8221;64px&#8221;][tt_cw_title_shortcode title=&#8221;L&#8217;Officina adatta ad ogni esigenza di riparazione&#8221; title_size=&#8221;40&#8243; title_color=&#8221;#000000&#8243; sbtitle_color=&#8221;#898989&#8243; show_sb=&#8221;yes&#8221; separate=&#8221;yes&#8221;]La nostra azienda mette a disposizione gli strumenti pi\u00f9 avanzati per la diagnosi completa e la riparazione del vostro veicolo per un servizio rapido e risolutivo.[\/tt_cw_title_shortcode][vc_row_inner][vc_column_inner width=&#8221;2\/3&#8243; offset=&#8221;vc_col-xs-12&#8243; css=&#8221;.vc_custom_1459516866883{margin-top: -20px !important;}&#8221;][tt_cw_list_shortcode][tt_cw_list_item_shortcode title=&#8221;STRUMENTI DI DIAGNOSI AVANZATA&#8221; type_icon=&#8221;fas fa-arrow-right&#8221;][tt_cw_list_item_shortcode title=&#8221;AMPIO E FORNITO MAGAZZINO RICAMBI&#8221; type_icon=&#8221;fas fa-arrow-right&#8221;][tt_cw_list_item_shortcode title=&#8221;PERSONALE ALTAMENTE PROFESSIONALE&#8221; type_icon=&#8221;fas fa-arrow-right&#8221;][tt_cw_list_item_shortcode title=&#8221;OFFICINE MOBILI PER SERVICE 24H&#8221; type_icon=&#8221;fas fa-arrow-right&#8221;][tt_cw_list_item_shortcode title=&#8221;QUALIT\u00c0 E CELERIT\u00c0 GARANTITE&#8221; type_icon=&#8221;fas fa-arrow-right&#8221;][tt_cw_list_item_shortcode title=&#8221;ATTREZZATURE SPECIFICHE DI ULTIMA GENERAZIONE&#8221; type_icon=&#8221;fas fa-arrow-right&#8221;][\/tt_cw_list_shortcode][\/vc_column_inner][vc_column_inner width=&#8221;1\/3&#8243; offset=&#8221;vc_hidden-xs&#8221;][vc_single_image image=&#8221;1374&#8243; img_size=&#8221;full&#8221; alignment=&#8221;center&#8221;][\/vc_column_inner][\/vc_row_inner][\/vc_column][\/vc_row][vc_row][vc_column][vc_empty_space height=&#8221;35px&#8221;][\/vc_column][\/vc_row][vc_row full_width=&#8221;stretch_row&#8221; css=&#8221;.vc_custom_1457449719017{background-color: #eff1f6 !important;}&#8221;][vc_column][vc_empty_space height=&#8221;45px&#8221;][tt_cw_title_shortcode title=&#8221;I nostri Servizi&#8221; title_color=&#8221;#000000&#8243; separate=&#8221;yes&#8221;][\/tt_cw_title_shortcode][tt_cw_service_slider_shortcode][tt_cw_service_slider_item_shortcode image=&#8221;2154&#8243; title=&#8221;Meccatronica&#8221; text=&#8221;Interventi di natura meccanica ed elettronica&#8221; btn_text=&#8221;Approfondisci&#8221; link=&#8221;#&#8221;][tt_cw_service_slider_item_shortcode image=&#8221;2152&#8243; title=&#8221;Climatizzazione&#8221; text=&#8221;Profonda conoscenza delle diverse tipologie di climatizzazione su veicoli mobili&#8221; btn_text=&#8221;Approfondisci&#8221; link=&#8221;#&#8221;][tt_cw_service_slider_item_shortcode image=&#8221;2156&#8243; img_size=&#8221;370X208&#8243; title=&#8221;Sanificazione&#8221; text=&#8221;Interventi di sanificazione con strumenti altamente professionali&#8221; btn_text=&#8221;Approfondisci&#8221; link=&#8221;#&#8221;][tt_cw_service_slider_item_shortcode image=&#8221;2153&#8243; img_size=&#8221;370X208&#8243; title=&#8221;Allineamento assi&#8221; text=&#8221;Dotazione di attrezzature specifiche d\u2019avanguardia per allineamento assi&#8221; btn_text=&#8221;Approfondisci&#8221; link=&#8221;#&#8221;][tt_cw_service_slider_item_shortcode image=&#8221;2155&#8243; img_size=&#8221;370X208&#8243; title=&#8221;Riparazione e sostituzione cristalli&#8221; text=&#8221;Servizi professionali per la riparazione e la sostituzione dei cristalli&#8221; btn_text=&#8221;Approfondisci&#8221; link=&#8221;#&#8221;][\/tt_cw_service_slider_shortcode][vc_empty_space height=&#8221;30px&#8221;][\/vc_column][\/vc_row][vc_row full_width=&#8221;stretch_row&#8221; equal_height=&#8221;yes&#8221; disable_element=&#8221;yes&#8221; css=&#8221;.vc_custom_1621018015123{background-color: #282c3d !important;}&#8221;][vc_column width=&#8221;7\/12&#8243;][vc_empty_space height=&#8221;35px&#8221;][tt_cw_title_shortcode title=&#8221;Welcome to Workshop Plus&#8221; title_size=&#8221;34&#8243; title_color=&#8221;#ff7043&#8243; sbtitle_color=&#8221;#c1c3ca&#8221; show_sb=&#8221;yes&#8221; bottom_margin=&#8221;33px&#8221;]With four branches in the country and over 1000 trained automobile professionals on our team, Workshop Plus is a pioneer in the field of automobile services and repairs. This is the place where professionalism, quality customer service and affordability come together to help you, the customer.[\/tt_cw_title_shortcode][tt_cw_title_shortcode title=&#8221;Enjoy exclusive membership benefits&#8221; title_size=&#8221;26&#8243; title_color=&#8221;#ffffff&#8221; italic=&#8221;yes&#8221; bottom_margin=&#8221;21px&#8221;][\/tt_cw_title_shortcode][tt_cw_list_shortcode list_2=&#8221;yes&#8221;][tt_cw_list_item_shortcode title=&#8221;Free annual safety analysis&#8221; itemcolor=&#8221;#ffffff&#8221; type_icon=&#8221;fa fa-hand-o-right&#8221; iconcolor=&#8221;#ffffff&#8221;][tt_cw_list_item_shortcode title=&#8221;Complimentary upgrades&#8221; itemcolor=&#8221;#ffffff&#8221; type_icon=&#8221;fa fa-hand-o-right&#8221; iconcolor=&#8221;#ffffff&#8221;][tt_cw_list_item_shortcode title=&#8221;Free car wash&#8221; itemcolor=&#8221;#ffffff&#8221; type_icon=&#8221;fa fa-hand-o-right&#8221; iconcolor=&#8221;#ffffff&#8221;][tt_cw_list_item_shortcode title=&#8221;15% discount on all painting&#8221; itemcolor=&#8221;#ffffff&#8221; type_icon=&#8221;fa fa-hand-o-right&#8221; iconcolor=&#8221;#ffffff&#8221;][\/tt_cw_list_shortcode][vc_row_inner][vc_column_inner][vc_empty_space height=&#8221;90px&#8221;][\/vc_column_inner][\/vc_row_inner][\/vc_column][vc_column width=&#8221;5\/12&#8243;][vc_empty_space height=&#8221;35px&#8221;][vc_single_image image=&#8221;1391&#8243; img_size=&#8221;460&#215;320&#8243;][\/vc_column][\/vc_row][vc_row full_width=&#8221;stretch_row&#8221; disable_element=&#8221;yes&#8221; css=&#8221;.vc_custom_1621017875523{background-color: #eaedf4 !important;}&#8221;][vc_column][vc_empty_space height=&#8221;45px&#8221;][vc_row_inner][vc_column_inner][tt_cw_title_shortcode title=&#8221;Incontra il nostro team di esperti&#8221; title_color=&#8221;#000000&#8243; separate=&#8221;yes&#8221;][\/tt_cw_title_shortcode][\/vc_column_inner][\/vc_row_inner][tt_cw_team_slider_shortcode][tt_cw_team_slider_item_shortcode image=&#8221;1394&#8243; name=&#8221;Tim Cock&#8221; position=&#8221;Junior Mechanic&#8221; social_fb=&#8221;#&#8221; social_in=&#8221;#&#8221; social_li=&#8221;#&#8221; social_tw=&#8221;#&#8221; social_google=&#8221;#&#8221;][tt_cw_team_slider_item_shortcode image=&#8221;1395&#8243; name=&#8221;Tim Cock&#8221; position=&#8221;Junior Mechanic&#8221; social_fb=&#8221;#&#8221; social_in=&#8221;#&#8221; social_li=&#8221;#&#8221; social_tw=&#8221;#&#8221; social_google=&#8221;#&#8221;][tt_cw_team_slider_item_shortcode image=&#8221;1396&#8243; name=&#8221;Tim Cock&#8221; position=&#8221;Junior Mechanic&#8221; social_fb=&#8221;#&#8221; social_in=&#8221;#&#8221; social_li=&#8221;#&#8221; social_tw=&#8221;#&#8221; social_google=&#8221;#&#8221;][tt_cw_team_slider_item_shortcode image=&#8221;1397&#8243; name=&#8221;Tim Cock&#8221; position=&#8221;Junior Mechanic&#8221; social_fb=&#8221;#&#8221; social_in=&#8221;#&#8221; social_li=&#8221;#&#8221; social_tw=&#8221;#&#8221; social_google=&#8221;#&#8221;][\/tt_cw_team_slider_shortcode][vc_empty_space height=&#8221;80px&#8221;][\/vc_column][\/vc_row][vc_row full_width=&#8221;stretch_row&#8221; css=&#8221;.vc_custom_1621018042918{background-color: #eaedf4 !important;}&#8221;][vc_column][vc_empty_space height=&#8221;45px&#8221;][vc_row_inner][vc_column_inner][tt_cw_title_shortcode title=&#8221;Team esperti&#8221; title_color=&#8221;#000000&#8243; separate=&#8221;yes&#8221;][\/tt_cw_title_shortcode][\/vc_column_inner][\/vc_row_inner][vc_row_inner][vc_column_inner width=&#8221;1\/3&#8243;][vc_empty_space height=&#8221;60px&#8221;][vc_column_text]<\/p>\n<h3><strong>ASSISTENZA BUS<\/strong><\/h3>\n<p><a href=\"mailto:tecnica@officinechiusolo.it\">tecnica@officinechiusolo.it<\/a>[\/vc_column_text][vc_column_text]<\/p>\n<h3><strong>ASSISTENZA VEICOLI COMMERCIALI E TRUCK<\/strong><\/h3>\n<p><a href=\"mailto:assistenza@officinechiusolo.it\">assistenza@officinechiusolo.it<\/a>[\/vc_column_text][\/vc_column_inner][vc_column_inner width=&#8221;1\/3&#8243;][vc_empty_space height=&#8221;60px&#8221;][vc_column_text]<\/p>\n<h3><strong>AMMINISTRAZIONE<\/strong><\/h3>\n<p><a href=\"mailto:amministrazione@officinechiusolo.it\">amministrazione@officinechiusolo.it<\/a>[\/vc_column_text][vc_column_text]<\/p>\n<h3><strong>MAGAZZINO RICAMBI<\/strong><\/h3>\n<p><a href=\"mailto:magazzino@officinechiusolo.it\">magazzino@officinechiusolo.it<\/a>[\/vc_column_text][\/vc_column_inner][vc_column_inner width=&#8221;1\/3&#8243;][vc_single_image image=&#8221;2158&#8243; img_size=&#8221;full&#8221; alignment=&#8221;center&#8221;][\/vc_column_inner][\/vc_row_inner][vc_empty_space height=&#8221;80px&#8221;][\/vc_column][\/vc_row][vc_row][vc_column offset=&#8221;vc_col-md-8&#8243;][vc_empty_space height=&#8221;45px&#8221;][tt_cw_title_shortcode title=&#8221;I nostri valori&#8221; title_color=&#8221;#000000&#8243; separate=&#8221;yes&#8221;][\/tt_cw_title_shortcode][tt_cw_accordion_home_shortcode title1=&#8221;OUR MISSION&#8221; title2=&#8221;Professionalit\u00e0, trasparenza, sicurezza e ambiente.&#8221; subtitle=&#8221;La nostra missione \u00e8 essere ogni giorno migliori. Mettiamo a disposizione della nostra clientela i nostri pilastri fondamentali : qualit\u00e0, seriet\u00e0, collaborazione e versatilit\u00e0.&#8221; image=&#8221;2171&#8243; text1=&#8221;Read more&#8221; text1link=&#8221;#&#8221; text2=&#8221;Browse&#8221; text2link=&#8221;#&#8221; active=&#8221;yes&#8221;][tt_cw_accordion_home_shortcode title1=&#8221;OUR VISION&#8221; title2=&#8221;Precisione, Tecnologia, Esperienza&#8221; subtitle=&#8221;Precisione, Tecnologia, Esperienza. La nostra visione \u00e8 il miglioramento continuo per rispondere velocemente alle innovazioni e alle esigenze del cliente. Investire nella formazione e in attrezzature sempre pi\u00f9 tecnologiche per essere sempre pi\u00f9 veloci nella gestione dei processi.&#8221; image=&#8221;2172&#8243; text1=&#8221;Read more&#8221; text1link=&#8221;#&#8221; text2=&#8221;Browse&#8221; text2link=&#8221;#&#8221;][vc_empty_space height=&#8221;80px&#8221;][\/vc_column][vc_column offset=&#8221;vc_col-md-4&#8243;][vc_empty_space height=&#8221;45px&#8221;][tt_cw_title_shortcode title=&#8221;Dicono di noi&#8221; title_color=&#8221;#000000&#8243; separate=&#8221;yes&#8221;][\/tt_cw_title_shortcode][tt_cw_testimonial_double_shortcode values=&#8221;%5B%7B%22image%22%3A%221403%22%2C%22name%22%3A%22-%20Pierluigi%22%2C%22info%22%3A%22Cortesia%20disponibilit%C3%A0%20efficienza%22%7D%2C%7B%22image%22%3A%221408%22%2C%22name%22%3A%22-%20Maria%20F.%22%2C%22info%22%3A%22Un%20punto%20di%20riferimento%20per%20quanto%20riguarda%20il%20veicolo%20industriale%20e%20autobus.%20Personale%20qualificatissimo%20ed%20efficiente!%20Rapido%20l&#8217;intervento%20e%20%20precisa%20l&#8217;assistenza.%20TOP!%22%7D%2C%7B%22image%22%3A%221409%22%2C%22name%22%3A%22-%20Daniele%20F.%22%2C%22info%22%3A%22Iperprofessionali%20e%20competenti%22%7D%2C%7B%22image%22%3A%221407%22%2C%22name%22%3A%22-%20Michela%20C.%22%2C%22info%22%3A%22Servizio%20ottimo%20ampi%20spazi%20x%20ogni%20mezzo%22%7D%2C%7B%22image%22%3A%221403%22%2C%22name%22%3A%22-%20Agostino%20D.%22%2C%22info%22%3A%22Ottima%20officina%20con%20grandi%20lavoratori%20ed%20esperti%20da%20valutare%22%7D%5D&#8221;][\/vc_column][\/vc_row][vc_row full_width=&#8221;stretch_row&#8221; parallax=&#8221;content-moving&#8221; parallax_image=&#8221;1786&#8243; css=&#8221;.vc_custom_1459520788417{background-image: url(http:\/\/livedemo.templatation.com\/workshopplus\/wp-content\/uploads\/sites\/31\/2013\/03\/fact-counter-bg-1.jpg?id=1786) !important;}&#8221;][vc_column width=&#8221;1\/4&#8243;][vc_empty_space height=&#8221;45px&#8221;][tt_cw_icon_box_shortcode insert_graphic=&#8221;icon&#8221; icon_fontawesome=&#8221;fa fa-wrench&#8221; icon_color=&#8221;#ffffff&#8221; background_style=&#8221;standart&#8221; title_tag=&#8221;h4&#8243; title_color=&#8221;#ffffff&#8221; title_text_transform=&#8221;uppercase&#8221; content_color=&#8221;#d0d0d0&#8243; alignment=&#8221;center&#8221; title=&#8221;Manutenzione&#8221;]La manutenzione del veicolo \u00e8 fondamentale per le prestazioni a lungo termine e la qualit\u00e0 del funzionamento della tua auto.[\/tt_cw_icon_box_shortcode][\/vc_column][vc_column width=&#8221;1\/4&#8243;][vc_empty_space height=&#8221;45px&#8221;][tt_cw_icon_box_shortcode insert_graphic=&#8221;icon&#8221; icon_fontawesome=&#8221;fa fa-car&#8221; icon_color=&#8221;#ffffff&#8221; background_style=&#8221;standart&#8221; title_tag=&#8221;h4&#8243; title_color=&#8221;#ffffff&#8221; title_text_transform=&#8221;uppercase&#8221; content_color=&#8221;#d0d0d0&#8243; alignment=&#8221;center&#8221; title=&#8221;Garanzia&#8221;]Le parti e i servizi offerti dalle Officine Chiusolo sono coperti dal nostro piano di garanzia.[\/tt_cw_icon_box_shortcode][\/vc_column][vc_column width=&#8221;1\/4&#8243;][vc_empty_space height=&#8221;45px&#8221;][tt_cw_icon_box_shortcode insert_graphic=&#8221;icon&#8221; icon_fontawesome=&#8221;fa fa-line-chart&#8221; icon_color=&#8221;#ffffff&#8221; background_style=&#8221;standart&#8221; title_tag=&#8221;h4&#8243; title_color=&#8221;#ffffff&#8221; title_text_transform=&#8221;uppercase&#8221; content_color=&#8221;#d0d0d0&#8243; alignment=&#8221;center&#8221; title=&#8221;Schedulazione affidabile&#8221;]Ad ogni veicolo consegnatoci vengono assegnate fasce orarie e tempi di consegna precisi. [\/tt_cw_icon_box_shortcode][\/vc_column][vc_column width=&#8221;1\/4&#8243;][vc_empty_space height=&#8221;45px&#8221;][tt_cw_icon_box_shortcode insert_graphic=&#8221;icon&#8221; icon_fontawesome=&#8221;fa fa-clock-o&#8221; icon_color=&#8221;#ffffff&#8221; background_style=&#8221;standart&#8221; title_tag=&#8221;h4&#8243; title_color=&#8221;#ffffff&#8221; title_text_transform=&#8221;uppercase&#8221; content_color=&#8221;#d0d0d0&#8243; alignment=&#8221;center&#8221; title=&#8221;Supporto H24&#8243;]Il nostro team si occupa di guasti e riparazioni di emergenza in qualsiasi momento della giornata, anche nei fine settimana e nei giorni festivi. [\/tt_cw_icon_box_shortcode][\/vc_column][vc_column][vc_empty_space height=&#8221;15px&#8221;][\/vc_column][\/vc_row][vc_row disable_element=&#8221;yes&#8221;][vc_column][vc_empty_space height=&#8221;45px&#8221;][\/vc_column][\/vc_row][vc_row disable_element=&#8221;yes&#8221;][vc_column offset=&#8221;vc_col-md-4&#8243;][tt_cw_title_shortcode title=&#8221;Our Blogs&#8221; title_color=&#8221;#000000&#8243; separate=&#8221;yes&#8221;][\/tt_cw_title_shortcode][tt_cw_image_shortcode image=&#8221;1962&#8243; img_size=&#8221;360X387&#8243; title=&#8221;BLOG&#8221; titlespan=&#8221;POST&#8221; subtitle=&#8221;Read our Latest blog posts&#8221;][\/vc_column][vc_column offset=&#8221;vc_col-md-8&#8243;][vc_empty_space height=&#8221;93&#8243;][\/vc_column][\/vc_row][vc_row][vc_column width=&#8221;1\/5&#8243;][\/vc_column][vc_column width=&#8221;1\/5&#8243;][vc_single_image image=&#8221;2179&#8243; img_size=&#8221;full&#8221; alignment=&#8221;center&#8221; onclick=&#8221;custom_link&#8221; img_link_target=&#8221;_blank&#8221; link=&#8221;https:\/\/www.officinechiusolo.mercedes-benz.it\/it\/desktop\/about-us\/about-us\/philosophy.html&#8221;][\/vc_column][vc_column width=&#8221;1\/5&#8243;][vc_empty_space height=&#8221;5px&#8221;][vc_single_image image=&#8221;2177&#8243; img_size=&#8221;full&#8221; alignment=&#8221;center&#8221; onclick=&#8221;custom_link&#8221; img_link_target=&#8221;_blank&#8221; link=&#8221;https:\/\/www.omniplus.com\/it\/home\/&#8221;][\/vc_column][vc_column width=&#8221;1\/5&#8243;][vc_single_image image=&#8221;2178&#8243; img_size=&#8221;full&#8221; alignment=&#8221;center&#8221; onclick=&#8221;custom_link&#8221; img_link_target=&#8221;_blank&#8221; link=&#8221;https:\/\/www.omniplus-on.com\/#EvoPortal\/OMNIplusON&#8221;][\/vc_column][vc_column width=&#8221;1\/5&#8243;][\/vc_column][\/vc_row][vc_row full_width=&#8221;stretch_row_content_no_spaces&#8221;][vc_column][tt_cw_info_block_shortcode image=&#8221;2191&#8243; title=&#8221;ANALISI E VALUTAZIONE DELLA SICUREZZA&#8221; phone=&#8221;080 5320941&#8243; or_text=&#8221;OPPURE&#8221; btn_text=&#8221;CONTATTACI&#8221; link=&#8221;#&#8221;]Il nostro personale \u00e8 a Vostra completa disposizione per offrirvi sempre il migliore servizio. Non esitate a contattarci per richieste di interventi, preventivi o qualsiasi altra vostra esigenza.[\/tt_cw_info_block_shortcode][\/vc_column][\/vc_row]<\/p>\n","protected":false},"excerpt":{"rendered":"<p>[vc_row full_width=&#8221;stretch_row_content_no_spaces&#8221;][vc_column][rev_slider_vc alias=&#8221;mainslider&#8221;][vc_empty_space height=&#8221;25px&#8221;][\/vc_column][\/vc_row][vc_row][vc_column width=&#8221;5\/12&#8243; offset=&#8221;vc_hidden-md vc_hidden-sm vc_hidden-xs&#8221;][vc_single_image image=&#8221;2150&#8243; img_size=&#8221;full&#8221; alignment=&#8221;center&#8221;][\/vc_column][vc_column offset=&#8221;vc_col-md-7&#8243;][vc_empty_space height=&#8221;64px&#8221;][tt_cw_title_shortcode title=&#8221;L&#8217;Officina adatta ad ogni esigenza di riparazione&#8221; title_size=&#8221;40&#8243; title_color=&#8221;#000000&#8243; sbtitle_color=&#8221;#898989&#8243; show_sb=&#8221;yes&#8221; separate=&#8221;yes&#8221;]La nostra azienda mette a disposizione gli strumenti pi\u00f9 avanzati per la diagnosi completa e la riparazione del vostro veicolo per un servizio rapido e risolutivo.[\/tt_cw_title_shortcode][vc_row_inner][vc_column_inner width=&#8221;2\/3&#8243; offset=&#8221;vc_col-xs-12&#8243; css=&#8221;.vc_custom_1459516866883{margin-top: -20px !important;}&#8221;][tt_cw_list_shortcode][tt_cw_list_item_shortcode [&hellip;]<\/p>\n","protected":false},"author":1,"featured_media":0,"parent":0,"menu_order":0,"comment_status":"closed","ping_status":"closed","template":"","meta":[],"_links":{"self":[{"href":"https:\/\/www.officinechiusolo.it\/index.php\/wp-json\/wp\/v2\/pages\/2032"}],"collection":[{"href":"https:\/\/www.officinechiusolo.it\/index.php\/wp-json\/wp\/v2\/pages"}],"about":[{"href":"https:\/\/www.officinechiusolo.it\/index.php\/wp-json\/wp\/v2\/types\/page"}],"author":[{"embeddable":true,"href":"https:\/\/www.officinechiusolo.it\/index.php\/wp-json\/wp\/v2\/users\/1"}],"replies":[{"embeddable":true,"href":"https:\/\/www.officinechiusolo.it\/index.php\/wp-json\/wp\/v2\/comments?post=2032"}],"version-history":[{"count":59,"href":"https:\/\/www.officinechiusolo.it\/index.php\/wp-json\/wp\/v2\/pages\/2032\/revisions"}],"predecessor-version":[{"id":2200,"href":"https:\/\/www.officinechiusolo.it\/index.php\/wp-json\/wp\/v2\/pages\/2032\/revisions\/2200"}],"wp:attachment":[{"href":"https:\/\/www.officinechiusolo.it\/index.php\/wp-json\/wp\/v2\/media?parent=2032"}],"curies":[{"name":"wp","href":"https:\/\/api.w.org\/{rel}","templated":true}]}}